{"id":13,"date":"2025-09-07T14:47:14","date_gmt":"2025-09-07T12:47:14","guid":{"rendered":"http:\/\/192.168.1.20:8084\/index.php\/confirmation-de-reservation\/reservation-annulee\/"},"modified":"2025-09-07T14:47:14","modified_gmt":"2025-09-07T12:47:14","slug":"reservation-annulee","status":"publish","type":"page","link":"https:\/\/lepetitcabanon.duckdns.org\/index.php\/confirmation-de-reservation\/reservation-annulee\/","title":{"rendered":"R\u00e9servation annul\u00e9e"},"content":{"rendered":"<p>Votre r\u00e9servation est annul\u00e9e.<\/p>\n","protected":false},"excerpt":{"rendered":"<p>Votre r\u00e9servation est annul\u00e9e.<\/p>\n","protected":false},"author":1,"featured_media":0,"parent":11,"menu_order":0,"comment_status":"closed","ping_status":"closed","template":"","meta":{"inline_featured_image":false,"site-sidebar-layout":"default","site-content-layout":"","ast-site-content-layout":"default","site-content-style":"default","site-sidebar-style":"default","ast-global-header-display":"","ast-banner-title-visibility":"","ast-main-header-display":"","ast-hfb-above-header-display":"","ast-hfb-below-header-display":"","ast-hfb-mobile-header-display":"","site-post-title":"","ast-breadcrumbs-content":"","ast-featured-img":"","footer-sml-layout":"","theme-transparent-header-meta":"","adv-header-id-meta":"","stick-header-meta":"","header-above-stick-meta":"","header-main-stick-meta":"","header-below-stick-meta":"","astra-migrate-meta-layouts":"default","ast-page-background-enabled":"default","ast-page-background-meta":{"desktop":{"background-color":"var(--ast-global-color-5)","background-image":"","background-repeat":"repeat","background-position":"center center","background-size":"auto","background-attachment":"scroll","background-type":"","background-media":"","overlay-type":"","overlay-color":"","overlay-opacity":"","overlay-gradient":""},"tablet":{"background-color":"","background-image":"","background-repeat":"repeat","background-position":"center center","background-size":"auto","background-attachment":"scroll","background-type":"","background-media":"","overlay-type":"","overlay-color":"","overlay-opacity":"","overlay-gradient":""},"mobile":{"background-color":"","background-image":"","background-repeat":"repeat","background-position":"center center","background-size":"auto","background-attachment":"scroll","background-type":"","background-media":"","overlay-type":"","overlay-color":"","overlay-opacity":"","overlay-gradient":""}},"ast-content-background-meta":{"desktop":{"background-color":"var(--ast-global-color-4)","background-image":"","background-repeat":"repeat","background-position":"center center","background-size":"auto","background-attachment":"scroll","background-type":"","background-media":"","overlay-type":"","overlay-color":"","overlay-opacity":"","overlay-gradient":""},"tablet":{"background-color":"var(--ast-global-color-4)","background-image":"","background-repeat":"repeat","background-position":"center center","background-size":"auto","background-attachment":"scroll","background-type":"","background-media":"","overlay-type":"","overlay-color":"","overlay-opacity":"","overlay-gradient":""},"mobile":{"background-color":"var(--ast-global-color-4)","background-image":"","background-repeat":"repeat","background-position":"center center","background-size":"auto","background-attachment":"scroll","background-type":"","background-media":"","overlay-type":"","overlay-color":"","overlay-opacity":"","overlay-gradient":""}},"_kadence_starter_templates_imported_post":false,"footnotes":""},"class_list":["post-13","page","type-page","status-publish","hentry"],"yoast_head":"<!-- This site is optimized with the Yoast SEO plugin v26.3 - https:\/\/yoast.com\/wordpress\/plugins\/seo\/ -->\n<title>R\u00e9servation annul\u00e9e - Le Petit Cabanon Marie Galante<\/title>\n<meta name=\"robots\" content=\"index, follow, max-snippet:-1, max-image-preview:large, max-video-preview:-1\" \/>\n<link rel=\"canonical\" href=\"https:\/\/lepetitcabanon.duckdns.org\/index.php\/confirmation-de-reservation\/reservation-annulee\/\" \/>\n<meta property=\"og:locale\" content=\"fr_FR\" \/>\n<meta property=\"og:type\" content=\"article\" \/>\n<meta property=\"og:title\" content=\"R\u00e9servation annul\u00e9e - Le Petit Cabanon Marie Galante\" \/>\n<meta property=\"og:description\" content=\"Votre r\u00e9servation est annul\u00e9e.\" \/>\n<meta property=\"og:url\" content=\"https:\/\/lepetitcabanon.duckdns.org\/index.php\/confirmation-de-reservation\/reservation-annulee\/\" \/>\n<meta property=\"og:site_name\" content=\"Le Petit Cabanon Marie Galante\" \/>\n<meta property=\"og:image\" content=\"https:\/\/lepetitcabanon.duckdns.org\/wp-content\/uploads\/2025\/09\/cropped-cropped-logo1.jpg\" \/>\n\t<meta property=\"og:image:width\" content=\"512\" \/>\n\t<meta property=\"og:image:height\" content=\"512\" \/>\n\t<meta property=\"og:image:type\" content=\"image\/jpeg\" \/>\n<meta name=\"twitter:card\" content=\"summary_large_image\" \/>\n<script type=\"application\/ld+json\" class=\"yoast-schema-graph\">{\"@context\":\"https:\/\/schema.org\",\"@graph\":[{\"@type\":\"WebPage\",\"@id\":\"https:\/\/lepetitcabanon.duckdns.org\/index.php\/confirmation-de-reservation\/reservation-annulee\/\",\"url\":\"https:\/\/lepetitcabanon.duckdns.org\/index.php\/confirmation-de-reservation\/reservation-annulee\/\",\"name\":\"R\u00e9servation annul\u00e9e - Le Petit Cabanon Marie Galante\",\"isPartOf\":{\"@id\":\"https:\/\/lepetitcabanon.duckdns.org\/#website\"},\"datePublished\":\"2025-09-07T12:47:14+00:00\",\"breadcrumb\":{\"@id\":\"https:\/\/lepetitcabanon.duckdns.org\/index.php\/confirmation-de-reservation\/reservation-annulee\/#breadcrumb\"},\"inLanguage\":\"fr-FR\",\"potentialAction\":[{\"@type\":\"ReadAction\",\"target\":[\"https:\/\/lepetitcabanon.duckdns.org\/index.php\/confirmation-de-reservation\/reservation-annulee\/\"]}]},{\"@type\":\"BreadcrumbList\",\"@id\":\"https:\/\/lepetitcabanon.duckdns.org\/index.php\/confirmation-de-reservation\/reservation-annulee\/#breadcrumb\",\"itemListElement\":[{\"@type\":\"ListItem\",\"position\":1,\"name\":\"Accueil\",\"item\":\"https:\/\/lepetitcabanon.duckdns.org\/\"},{\"@type\":\"ListItem\",\"position\":2,\"name\":\"Confirmation de r\u00e9servation\",\"item\":\"https:\/\/lepetitcabanon.duckdns.org\/index.php\/confirmation-de-reservation\/\"},{\"@type\":\"ListItem\",\"position\":3,\"name\":\"R\u00e9servation annul\u00e9e\"}]},{\"@type\":\"WebSite\",\"@id\":\"https:\/\/lepetitcabanon.duckdns.org\/#website\",\"url\":\"https:\/\/lepetitcabanon.duckdns.org\/\",\"name\":\"Le Petit Cabanon Marie Galante\",\"description\":\"\",\"publisher\":{\"@id\":\"https:\/\/lepetitcabanon.duckdns.org\/#organization\"},\"alternateName\":\"Location saisonni\u00e8re Le petit Cabanon Marie-Galante de qualit\u00e9\",\"potentialAction\":[{\"@type\":\"SearchAction\",\"target\":{\"@type\":\"EntryPoint\",\"urlTemplate\":\"https:\/\/lepetitcabanon.duckdns.org\/?s={search_term_string}\"},\"query-input\":{\"@type\":\"PropertyValueSpecification\",\"valueRequired\":true,\"valueName\":\"search_term_string\"}}],\"inLanguage\":\"fr-FR\"},{\"@type\":\"Organization\",\"@id\":\"https:\/\/lepetitcabanon.duckdns.org\/#organization\",\"name\":\"Le Petit Cabanon\",\"url\":\"https:\/\/lepetitcabanon.duckdns.org\/\",\"logo\":{\"@type\":\"ImageObject\",\"inLanguage\":\"fr-FR\",\"@id\":\"https:\/\/lepetitcabanon.duckdns.org\/#\/schema\/logo\/image\/\",\"url\":\"https:\/\/lepetitcabanon.duckdns.org\/wp-content\/uploads\/2025\/09\/cropped-cropped-logo1.jpg\",\"contentUrl\":\"https:\/\/lepetitcabanon.duckdns.org\/wp-content\/uploads\/2025\/09\/cropped-cropped-logo1.jpg\",\"width\":512,\"height\":512,\"caption\":\"Le Petit Cabanon\"},\"image\":{\"@id\":\"https:\/\/lepetitcabanon.duckdns.org\/#\/schema\/logo\/image\/\"}}]}<\/script>\n<!-- \/ Yoast SEO plugin. -->","yoast_head_json":{"title":"R\u00e9servation annul\u00e9e - Le Petit Cabanon Marie Galante","robots":{"index":"index","follow":"follow","max-snippet":"max-snippet:-1","max-image-preview":"max-image-preview:large","max-video-preview":"max-video-preview:-1"},"canonical":"https:\/\/lepetitcabanon.duckdns.org\/index.php\/confirmation-de-reservation\/reservation-annulee\/","og_locale":"fr_FR","og_type":"article","og_title":"R\u00e9servation annul\u00e9e - Le Petit Cabanon Marie Galante","og_description":"Votre r\u00e9servation est annul\u00e9e.","og_url":"https:\/\/lepetitcabanon.duckdns.org\/index.php\/confirmation-de-reservation\/reservation-annulee\/","og_site_name":"Le Petit Cabanon Marie Galante","og_image":[{"width":512,"height":512,"url":"https:\/\/lepetitcabanon.duckdns.org\/wp-content\/uploads\/2025\/09\/cropped-cropped-logo1.jpg","type":"image\/jpeg"}],"twitter_card":"summary_large_image","schema":{"@context":"https:\/\/schema.org","@graph":[{"@type":"WebPage","@id":"https:\/\/lepetitcabanon.duckdns.org\/index.php\/confirmation-de-reservation\/reservation-annulee\/","url":"https:\/\/lepetitcabanon.duckdns.org\/index.php\/confirmation-de-reservation\/reservation-annulee\/","name":"R\u00e9servation annul\u00e9e - Le Petit Cabanon Marie Galante","isPartOf":{"@id":"https:\/\/lepetitcabanon.duckdns.org\/#website"},"datePublished":"2025-09-07T12:47:14+00:00","breadcrumb":{"@id":"https:\/\/lepetitcabanon.duckdns.org\/index.php\/confirmation-de-reservation\/reservation-annulee\/#breadcrumb"},"inLanguage":"fr-FR","potentialAction":[{"@type":"ReadAction","target":["https:\/\/lepetitcabanon.duckdns.org\/index.php\/confirmation-de-reservation\/reservation-annulee\/"]}]},{"@type":"BreadcrumbList","@id":"https:\/\/lepetitcabanon.duckdns.org\/index.php\/confirmation-de-reservation\/reservation-annulee\/#breadcrumb","itemListElement":[{"@type":"ListItem","position":1,"name":"Accueil","item":"https:\/\/lepetitcabanon.duckdns.org\/"},{"@type":"ListItem","position":2,"name":"Confirmation de r\u00e9servation","item":"https:\/\/lepetitcabanon.duckdns.org\/index.php\/confirmation-de-reservation\/"},{"@type":"ListItem","position":3,"name":"R\u00e9servation annul\u00e9e"}]},{"@type":"WebSite","@id":"https:\/\/lepetitcabanon.duckdns.org\/#website","url":"https:\/\/lepetitcabanon.duckdns.org\/","name":"Le Petit Cabanon Marie Galante","description":"","publisher":{"@id":"https:\/\/lepetitcabanon.duckdns.org\/#organization"},"alternateName":"Location saisonni\u00e8re Le petit Cabanon Marie-Galante de qualit\u00e9","potentialAction":[{"@type":"SearchAction","target":{"@type":"EntryPoint","urlTemplate":"https:\/\/lepetitcabanon.duckdns.org\/?s={search_term_string}"},"query-input":{"@type":"PropertyValueSpecification","valueRequired":true,"valueName":"search_term_string"}}],"inLanguage":"fr-FR"},{"@type":"Organization","@id":"https:\/\/lepetitcabanon.duckdns.org\/#organization","name":"Le Petit Cabanon","url":"https:\/\/lepetitcabanon.duckdns.org\/","logo":{"@type":"ImageObject","inLanguage":"fr-FR","@id":"https:\/\/lepetitcabanon.duckdns.org\/#\/schema\/logo\/image\/","url":"https:\/\/lepetitcabanon.duckdns.org\/wp-content\/uploads\/2025\/09\/cropped-cropped-logo1.jpg","contentUrl":"https:\/\/lepetitcabanon.duckdns.org\/wp-content\/uploads\/2025\/09\/cropped-cropped-logo1.jpg","width":512,"height":512,"caption":"Le Petit Cabanon"},"image":{"@id":"https:\/\/lepetitcabanon.duckdns.org\/#\/schema\/logo\/image\/"}}]}},"_links":{"self":[{"href":"https:\/\/lepetitcabanon.duckdns.org\/index.php\/wp-json\/wp\/v2\/pages\/13","targetHints":{"allow":["GET"]}}],"collection":[{"href":"https:\/\/lepetitcabanon.duckdns.org\/index.php\/wp-json\/wp\/v2\/pages"}],"about":[{"href":"https:\/\/lepetitcabanon.duckdns.org\/index.php\/wp-json\/wp\/v2\/types\/page"}],"author":[{"embeddable":true,"href":"https:\/\/lepetitcabanon.duckdns.org\/index.php\/wp-json\/wp\/v2\/users\/1"}],"replies":[{"embeddable":true,"href":"https:\/\/lepetitcabanon.duckdns.org\/index.php\/wp-json\/wp\/v2\/comments?post=13"}],"version-history":[{"count":0,"href":"https:\/\/lepetitcabanon.duckdns.org\/index.php\/wp-json\/wp\/v2\/pages\/13\/revisions"}],"up":[{"embeddable":true,"href":"https:\/\/lepetitcabanon.duckdns.org\/index.php\/wp-json\/wp\/v2\/pages\/11"}],"wp:attachment":[{"href":"https:\/\/lepetitcabanon.duckdns.org\/index.php\/wp-json\/wp\/v2\/media?parent=13"}],"curies":[{"name":"wp","href":"https:\/\/api.w.org\/{rel}","templated":true}]}}